{"id":2571,"date":"2026-01-17T12:53:59","date_gmt":"2026-01-17T11:53:59","guid":{"rendered":"https:\/\/unleash-future-boats.com\/impressum\/"},"modified":"2026-01-17T13:19:53","modified_gmt":"2026-01-17T12:19:53","slug":"impressum","status":"publish","type":"page","link":"https:\/\/unleash-future-boats.com\/de\/impressum\/","title":{"rendered":"Impressum"},"content":{"rendered":"<div class=\"gb-container gb-container-853f5db6\"><div class=\"gb-inside-container\">\n<div class=\"gb-grid-wrapper gb-grid-wrapper-bedc3639\">\n<div class=\"gb-grid-column gb-grid-column-9ae0c3b4\"><div class=\"gb-container gb-container-9ae0c3b4\"><div class=\"gb-inside-container\">\n\n<p><strong>Unleash Future Boats GmbH entwickelt autonome, emissionsfreie maritime Systeme an der Schnittstelle von fortschrittlicher KI, nachhaltiger Mobilit\u00e4t und europ\u00e4ischer maritimer Sicherheit.<\/strong><\/p>\n\n\n\n<p>Gegr\u00fcndet von Diana S. Engelhard, EU-Architektin f\u00fcr Sicherheit, Innovation und Klima, entwickelt das Unternehmen vollst\u00e4ndig autonome Schiffe ohne Fernsteuerung auf Basis von Echtzeit-Edge-Decision-Making-Architekturen, vergleichbar mit autonomen Fahrsystemen.<\/p>\n\n\n\n<p>Im Jahr 2021 brachte Unleash Future Boats erfolgreich ZeroOne auf den Markt, das weltweit erste vollst\u00e4ndig autonome und emissionsfreie Schiff mit amtlicher Bootsnummer und g\u00fcltiger globaler Versicherung \u2013 ein Meilenstein f\u00fcr eine souver\u00e4ne europ\u00e4ische maritime Autonomie. Seit 2023 treibt das Unternehmen die hochdynamische autonome Navigation und Man\u00f6vrierf\u00e4higkeit durch Sensorfusion im Ostseeraum voran. <\/p>\n\n\n\n<p><\/p>\n\n\n\n<h2 class=\"gb-headline gb-headline-99f59fb4 gb-headline-text\">Rechtliche Hinweise<\/h2>\n\n\n\n<p>Angaben gem\u00e4\u00df \u00a7 5 TMG<\/p>\n\n\n\n<p>Post- und Lieferanschrift Schleswig.<br>\u00d6ffnungszeiten: Termine nach <strong><a href=\"https:\/\/unleash-future-boats.com\/de\/kontakt\/\">Vereinbarung<\/a><\/strong>!<\/p>\n\n\n\n<p><strong>Hauptb\u00fcro &amp;Postanschrift:<\/strong><br>Unleash Future Boats GmbH<br>Strandweg 1A, c\/o Marienbad<br>24866 Busdorf bei Schleswig<br><\/p>\n\n\n\n<p><strong>Adresse in Duisburg<\/strong><br>startport GmbH<br>c\/o Unleash Future Boats GmbH<br>Philosophenweg 31-33<br>47051 Duisburg<br>Germany<\/p>\n\n\n\n<p><strong>Adresse in L\u00fcbeck<\/strong><br>Gateway49<br>c\/o Unleash Future Boats GmbH<br>Maria-Goeppert-Stra\u00dfe 9a<br>23562 L\u00fcbeck<br>Germany<br> <\/p>\n\n\n\n<p><strong>Sitz der Gesellschaft<\/strong><br>Unleash Future Boats GmbH<br>Ha\u00dfberg 1<br>24321 Hohwacht<br>Germany<\/p>\n\n\n\n<p>HRB 14421 FL<br>Gesch\u00e4ftsf\u00fchrerin: Diana S. Engelhard<\/p>\n\n\n\n<h2 class=\"wp-block-heading\">Kontakt<\/h2>\n\n\n\n<p>Bitte nutzen Sie das <a href=\"https:\/\/unleash-future-boats.com\/de\/kontakt\/\">Kontaktformular<\/a><\/p>\n\n\n\n<p>Unternehmenswebseiten:<br><a href=\"http:\/\/www.unleash-future-boats.com\/\">http:\/\/www.unleash-future-boats.com<\/a><br><a href=\"http:\/\/www.unleashfutureboats.com\/\">http:\/\/www.unleashfutureboats.com<\/a><br><a href=\"http:\/\/www.unleashfutureboats.de\/\">http:\/\/www.unleashfutureboats.de<\/a><br><a href=\"http:\/\/www.unleash-future-boats.de\/\">http:\/\/www.unleash-future-boats.de<\/a><\/p>\n\n\n\n<p><\/p>\n\n\n\n<h2 class=\"wp-block-heading\">Bild-, Grafik- und Designnachweise<\/h2>\n\n\n\n<p>Produktdesign, Visualisierungen und Renderings f\u00fcr die Unleash Future Boats GmbH durch unseren gesch\u00e4tzten Produkt- und Designpartner Jan Pfl\u00fcger, <a href=\"https:\/\/advisxr.digital\/\">AdvisXR<\/a><\/p>\n\n\n\n<p>Webbezogene Dienstleistungen und Grafiken: <a href=\"http:\/\/www.elfgenpick.de\/\">elfgenpick<\/a><\/p>\n\n\n\n<h2 class=\"wp-block-heading\">Disclaimer<\/h2>\n\n\n\n<p><br>  <\/p>\n\n\n\n<p>Haftung f\u00fcr Inhalte<br>Die Inhalte unserer Seiten wurden mit gr\u00f6\u00dfter Sorgfalt erstellt. F\u00fcr die Richtigkeit, Vollst\u00e4ndigkeit und Aktualit\u00e4t der Inhalte k\u00f6nnen wir jedoch keine Gew\u00e4hr \u00fcbernehmen. Als Diensteanbieter sind wir gem\u00e4\u00df den gesetzlichen Bestimmungen f\u00fcr eigene Inhalte auf diesen Seiten verantwortlich. Wir sind jedoch nicht verpflichtet, \u00fcbermittelte oder gespeicherte fremde Informationen zu \u00fcberwachen oder nach Umst\u00e4nden zu forschen, die auf eine rechtswidrige T\u00e4tigkeit hinweisen. Verpflichtungen zur Entfernung oder Sperrung der Nutzung von Informationen nach den allgemeinen Gesetzen bleiben hiervon unber\u00fchrt.    <br><br><strong>Haftung f\u00fcr Links<\/strong><br>F\u00fcr die Inhalte externer Links zu Webseiten Dritter sind ausschlie\u00dflich deren Betreiber verantwortlich. Zum Zeitpunkt der Verlinkung waren keine Rechtsverst\u00f6\u00dfe erkennbar. Bei Bekanntwerden von Rechtsverletzungen werden wir derartige Links umgehend entfernen.  <\/p>\n\n\n\n<p><br><strong>Sound in videos:<\/strong><br>DIZARO:<br><a href=\"https:\/\/www.youtube.com\/redirect?q=https%3A%2F%2Fsoundcloud.com%2Fdizarofr%2Fflashback&amp;v=yGAE9TaC4jA&amp;redir_token=QUFFLUhqa0dMbFVkdjJJVWplRWZLd25QYi03ZTZGRWM1QXxBQ3Jtc0tuc24xd0tpTG9rTzdXcnFzelF5LVpWSW5UY3Jqa092SFVIOHhndkVHV1BVZFJpbjRaOEFsMjUzUFRZWTl5d2FiN2ZidkFfeUNwRVFfbENMcU4tSGJmc2FBSTNXSlBpT2NVUFYwWmdZWWhpZXRaUkZvVQ%3D%3D&amp;event=video_description\">https:\/\/soundcloud.com\/dizarofr\/flash&#8230;<\/a><br><a href=\"https:\/\/www.youtube.com\/redirect?q=https%3A%2F%2Fwww.facebook.com%2FDizarofr&amp;v=yGAE9TaC4jA&amp;redir_token=QUFFLUhqbWJ6SVFVaHdxNnRIbXpIVXlzYl80Rm1OeTlyUXxBQ3Jtc0trN0VGSG9xWVJva0lyRFZKRk05QkdvVWQya2ZzeUQ0c0ZHZzloc3ZqR1RaVE1ncGFzRzNJNGNCdWZOc2E4ckVjMjA5N0JyZURwR25MMzhBcnBaeS0zOXd0WE9qc3k1YmpjNzQtYWZ0eXRXR09LZTl3NA%3D%3D&amp;event=video_description\">https:\/\/www.facebook.com\/Dizarofr<\/a><br><a href=\"https:\/\/www.youtube.com\/channel\/UCL4fst8amv_WUdVSqeBN6fA\">https:\/\/www.youtube.com\/channel\/UCL4f&#8230;<\/a><\/p>\n\n\n\n<p>Reflect von CBosko (lizensiert unter Creative Commons <a href=\"https:\/\/www.youtube.com\/redirect?event=video_description&amp;redir_token=QUFFLUhqazc4X1RoRXZaU3pyMWpSLXpSZWZ0Y09qd1Exd3xBQ3Jtc0trWmd6S184T1Z1RzdwcWltcjEwYlYxWGozUEFPYXcxZFNndTZDS09Jd1VGLUU4OW9ETTJoZGg0Q2FHdFE5X3BwdmJXam93ODd6TXNJSzVhTElZX1NyY0Fnd2tvd21ZX1VXWWs4dG9Cd2NveS1JRGlFSQ&amp;q=https%3A%2F%2Fcreativecommons.org%2Flicenses%2Fby-sa%2F3.0%2F\">https:\/\/creativecommons.org\/licenses\/&#8230;<\/a>\u200b)<br>Musik Download: <a href=\"https:\/\/www.youtube.com\/redirect?event=video_description&amp;redir_token=QUFFLUhqbHZzZk5QakRMSGdGeGxscm1mWmhuVnFTdW51UXxBQ3Jtc0tsVElSWEpQb3kyVDFBOXA2QzdNNEpoT1NoQnhNSGZac2dXOEROZXpOb3dyX1A0Sk9FQ0NQQTRqbjd6c1BjanJ0azZNUUhIaVozWndHUU13TTJoUUVfcFh2X2gzOUs1UXNaVjQ1MVNCWXdRZHZidFNVRQ&amp;q=https%3A%2F%2Fsoundcloud.com%2Fcbosko-boskovic%2Freflect-cbosko\">https:\/\/soundcloud.com\/cbosko-boskovi&#8230;<\/a><\/p>\n\n\n\n<p>Happy Life by Fredji<br>SC: https:\/\/soundcloud.com\/fredjimusic<br>FB: https:\/\/www.facebook.com\/fredjimusic\/<br>Promoted by MrSnooze https:\/\/youtu.be\/rhV_DIoebmU\u200b<br><br><strong>Copyright<\/strong><br>Die durch die Seitenbetreiber erstellten Inhalte und Werke auf diesen Webseiten unterliegen dem deutschen Urheberrecht. Jede Art der Verwertung au\u00dferhalb der Grenzen des Urheberrechts bedarf der vorherigen schriftlichen Zustimmung des jeweiligen Rechteinhabers. Downloads und Kopien dieser Seite sind nur f\u00fcr den privaten, nicht kommerziellen Gebrauch gestattet. Die unerlaubte Nutzung urheberrechtlich gesch\u00fctzter Werke ist strafbar (\u00a7 106 UrhG).   <\/p>\n\n\n\n<p><strong>Weitere Informationen zur Gr\u00fcnderin finden Sie unter<\/strong><\/p>\n\n\n\n<p><a href=\"https:\/\/www.diana-engelhard.com\">https:\/\/www.diana-engelhard.com<\/a> \u2013 der offiziellen Website von Diana S. Engelhard, deutsche Ingenieurin, Sicherheits- und Autonomiesystem-Architektin sowie Gr\u00fcnderin und Gesch\u00e4ftsf\u00fchrerin der Unleash Future Boats GmbH.<\/p>\n\n\n\n<p><\/p>\n\n<\/div><\/div><\/div>\n\n<div class=\"gb-grid-column gb-grid-column-ab2bf253\"><div class=\"gb-container gb-container-ab2bf253\"><div class=\"gb-inside-container\">\n\n<figure class=\"wp-block-image size-large is-resized\"><img decoding=\"async\" width=\"565\" height=\"427\" src=\"https:\/\/unleash-future-boats.com\/wp-content\/uploads\/Logo_UnleashFutureBoats_text_hell.svg\" alt=\"\" class=\"wp-image-227\" style=\"width:516px;height:390px\"\/><\/figure>\n\n<\/div><\/div><\/div>\n<\/div>\n<\/div><\/div>","protected":false},"excerpt":{"rendered":"","protected":false},"author":1,"featured_media":0,"parent":0,"menu_order":0,"comment_status":"closed","ping_status":"closed","template":"","meta":{"inline_featured_image":false,"_monsterinsights_skip_tracking":false,"_monsterinsights_sitenote_active":false,"_monsterinsights_sitenote_note":"","_monsterinsights_sitenote_category":0,"footnotes":""},"class_list":["post-2571","page","type-page","status-publish"],"aioseo_notices":[],"_links":{"self":[{"href":"https:\/\/unleash-future-boats.com\/de\/wp-json\/wp\/v2\/pages\/2571","targetHints":{"allow":["GET"]}}],"collection":[{"href":"https:\/\/unleash-future-boats.com\/de\/wp-json\/wp\/v2\/pages"}],"about":[{"href":"https:\/\/unleash-future-boats.com\/de\/wp-json\/wp\/v2\/types\/page"}],"author":[{"embeddable":true,"href":"https:\/\/unleash-future-boats.com\/de\/wp-json\/wp\/v2\/users\/1"}],"replies":[{"embeddable":true,"href":"https:\/\/unleash-future-boats.com\/de\/wp-json\/wp\/v2\/comments?post=2571"}],"version-history":[{"count":7,"href":"https:\/\/unleash-future-boats.com\/de\/wp-json\/wp\/v2\/pages\/2571\/revisions"}],"predecessor-version":[{"id":2583,"href":"https:\/\/unleash-future-boats.com\/de\/wp-json\/wp\/v2\/pages\/2571\/revisions\/2583"}],"wp:attachment":[{"href":"https:\/\/unleash-future-boats.com\/de\/wp-json\/wp\/v2\/media?parent=2571"}],"curies":[{"name":"wp","href":"https:\/\/api.w.org\/{rel}","templated":true}]}}