{"id":2090,"date":"2022-03-23T13:01:08","date_gmt":"2022-03-23T12:01:08","guid":{"rendered":"https:\/\/unleash-future-boats.com\/future-one\/"},"modified":"2023-02-04T22:50:57","modified_gmt":"2023-02-04T21:50:57","slug":"future-one","status":"publish","type":"page","link":"https:\/\/unleash-future-boats.com\/de\/future-one\/","title":{"rendered":"Future One"},"content":{"rendered":"<div class=\"gb-container gb-container-853f5db6\"><div class=\"gb-inside-container\">\n<div class=\"gb-grid-wrapper gb-grid-wrapper-bedc3639\">\n<div class=\"gb-grid-column gb-grid-column-9ae0c3b4\"><div class=\"gb-container gb-container-9ae0c3b4\"><div class=\"gb-inside-container\">\n\n<h2 class=\"gb-headline gb-headline-99f59fb4 gb-headline-text\">FUTU<mark class=\"gb-highlight\">R<\/mark>E ONE<\/h2>\n\n\n\n<p class=\"gb-headline gb-headline-2e43bc66 gb-headline-text\">Die Unleash Future Boats GmbH entwickelt vision\u00e4re kleine F\u00e4hren, Boote und Schiffe. Unsere Antriebssysteme sind elektrisch und leise. F\u00fcr Menschen ebenso wie f\u00fcr Waren &amp; Logistik. Die Fahrt mit unseren Booten ist absolut entspannend! Voller Magie und Energie geht es dennoch schnell \u00fcbers Wasser, denn die Boote verf\u00fcgen dank Brennstoffzellen-Technologie \u00fcber ein enormes Leistungspotential. eBikes k\u00f6nnen w\u00e4hrend der Schifffahrt bequem an Bord aufgeladen werden.<\/p>\n\n\n\n<p class=\"gb-headline gb-headline-2b576151 gb-headline-text\">Vollelektrische, autonome Boote \u2013 angetrieben von gr\u00fcnem Wasserstoff. Erleben Sie die pure Energie und Magie zukunftssicherer Technologie!<\/p>\n\n<\/div><\/div><\/div>\n\n<div class=\"gb-grid-column gb-grid-column-ab2bf253\"><div class=\"gb-container gb-container-ab2bf253\"><div class=\"gb-inside-container\">\n\n<figure class=\"wp-block-image size-large\"><img decoding=\"async\" width=\"1024\" height=\"640\" src=\"https:\/\/unleash-future-boats.com\/wp-content\/uploads\/\/futureone-1024x640.jpg\" alt=\"\" class=\"wp-image-67\" srcset=\"https:\/\/unleash-future-boats.com\/wp-content\/uploads\/futureone-1024x640.jpg 1024w, https:\/\/unleash-future-boats.com\/wp-content\/uploads\/futureone-300x188.jpg 300w, https:\/\/unleash-future-boats.com\/wp-content\/uploads\/futureone-768x480.jpg 768w, https:\/\/unleash-future-boats.com\/wp-content\/uploads\/futureone-1536x960.jpg 1536w, https:\/\/unleash-future-boats.com\/wp-content\/uploads\/futureone.jpg 2048w\" sizes=\"(max-width: 1024px) 100vw, 1024px\" \/><\/figure>\n\n<\/div><\/div><\/div>\n<\/div>\n<\/div><\/div><div class=\"gb-container gb-container-024421d2\"><div class=\"gb-inside-container\">\n\n<h2 class=\"gb-headline gb-headline-a1c82f0a gb-headline-text\">FUTU<mark style=\"background-color:rgba(0, 0, 0, 0)\" class=\"has-inline-color has-ufb-blue-color\">R<\/mark>E ONE<\/h2>\n\n\n\n<figure class=\"wp-block-video\"><video height=\"720\" style=\"aspect-ratio: 1280 \/ 720;\" width=\"1280\" controls=\"\" src=\"https:\/\/unleash-future-boats.com\/wp-content\/uploads\/futureOne-intro.mp4\"><\/video><\/figure>\n\n\n\n<p class=\"gb-headline gb-headline-72994b2e gb-headline-text\">Wir bauen Mehrrumpfboote, Katamarane. Sie sind sicher und f\u00fcr Flachwasser geeignet. In jedem Rumpf befindet sich ein unabh\u00e4ngiger Antriebsstrang. Das Boarding erfolgt bequem \u00fcber eine Rampe zum autonomen Boarding der Ware. Unsere Boote sind barrierefrei f\u00fcr Fahrr\u00e4der, Kinderwagen und Rollst\u00fchle. Wir entwickeln unsere Boote modular, \u00e4hnlich der Automobilindustrie. Redundanz sorgt f\u00fcr Sicherheit und Schutz. Die Boote sind komplett digital. Auf diese Weise k\u00f6nnen unsere Systeme f\u00fcr Ihren Komfort und Ihre Freude kontinuierlich weiterentwickelt und verbessert werden.<\/p>\n\n<\/div><\/div>","protected":false},"excerpt":{"rendered":"<p>FUTURE ONE Wir bauen Mehrrumpfboote, Katamarane. Sie sind sicher und f\u00fcr Flachwasser geeignet. In jedem Rumpf befindet sich ein unabh\u00e4ngiger Antriebsstrang. Das Boarding erfolgt bequem \u00fcber eine Rampe zum autonomen Boarding der Ware. Unsere Boote sind barrierefrei f\u00fcr Fahrr\u00e4der, Kinderwagen und Rollst\u00fchle. Wir entwickeln unsere Boote modular, \u00e4hnlich der Automobilindustrie. Redundanz sorgt f\u00fcr Sicherheit und &#8230; <a title=\"Future One\" class=\"read-more\" href=\"https:\/\/unleash-future-boats.com\/de\/future-one\/\" aria-label=\"Mehr Informationen \u00fcber Future One\">Weiterlesen &#8230;<\/a><\/p>\n","protected":false},"author":1,"featured_media":0,"parent":0,"menu_order":0,"comment_status":"closed","ping_status":"closed","template":"","meta":{"inline_featured_image":false,"_monsterinsights_skip_tracking":false,"_monsterinsights_sitenote_active":false,"_monsterinsights_sitenote_note":"","_monsterinsights_sitenote_category":0,"footnotes":""},"class_list":["post-2090","page","type-page","status-publish"],"aioseo_notices":[],"_links":{"self":[{"href":"https:\/\/unleash-future-boats.com\/de\/wp-json\/wp\/v2\/pages\/2090","targetHints":{"allow":["GET"]}}],"collection":[{"href":"https:\/\/unleash-future-boats.com\/de\/wp-json\/wp\/v2\/pages"}],"about":[{"href":"https:\/\/unleash-future-boats.com\/de\/wp-json\/wp\/v2\/types\/page"}],"author":[{"embeddable":true,"href":"https:\/\/unleash-future-boats.com\/de\/wp-json\/wp\/v2\/users\/1"}],"replies":[{"embeddable":true,"href":"https:\/\/unleash-future-boats.com\/de\/wp-json\/wp\/v2\/comments?post=2090"}],"version-history":[{"count":1,"href":"https:\/\/unleash-future-boats.com\/de\/wp-json\/wp\/v2\/pages\/2090\/revisions"}],"predecessor-version":[{"id":2091,"href":"https:\/\/unleash-future-boats.com\/de\/wp-json\/wp\/v2\/pages\/2090\/revisions\/2091"}],"wp:attachment":[{"href":"https:\/\/unleash-future-boats.com\/de\/wp-json\/wp\/v2\/media?parent=2090"}],"curies":[{"name":"wp","href":"https:\/\/api.w.org\/{rel}","templated":true}]}}