{"id":2088,"date":"2022-03-23T19:28:19","date_gmt":"2022-03-23T18:28:19","guid":{"rendered":"https:\/\/unleash-future-boats.com\/cargo-one\/"},"modified":"2023-02-04T22:47:51","modified_gmt":"2023-02-04T21:47:51","slug":"cargo-one","status":"publish","type":"page","link":"https:\/\/unleash-future-boats.com\/de\/cargo-one\/","title":{"rendered":"Cargo One"},"content":{"rendered":"<div class=\"gb-container gb-container-853f5db6\"><div class=\"gb-inside-container\">\n<div class=\"gb-grid-wrapper gb-grid-wrapper-bedc3639\">\n<div class=\"gb-grid-column gb-grid-column-9ae0c3b4\"><div class=\"gb-container gb-container-9ae0c3b4\"><div class=\"gb-inside-container\">\n\n<h2 class=\"gb-headline gb-headline-99f59fb4 gb-headline-text\">CA<mark style=\"background-color:rgba(0, 0, 0, 0)\" class=\"has-inline-color has-ufb-blue-color\">R<\/mark>GO ONE<\/h2>\n\n\n\n<p class=\"gb-headline gb-headline-16e9ceb6 gb-headline-text\">Die Unleash Future Boats GmbH entwickelt CargoOne, den LKW auf dem Wasser. Wir pr\u00e4sentieren eine L\u00f6sung f\u00fcr die wachsenden Herausforderungen von Niedrigwasser und logistischen Herausforderungen. Nat\u00fcrlich ist CargoOne emissionsfrei und f\u00e4hrt auch autonom. Mit seiner Gr\u00f6\u00dfe von rund 55 Fu\u00df (17 Metern) transportiert er einen 40-Fu\u00df-Container sicher ans Ziel.<br><br>Cargo One ist sowohl f\u00fcr die InPort-Logistik als auch f\u00fcr die zuverl\u00e4ssige Verbindung zwischen Terminals und H\u00e4fen gefragt. Im Schwarmmodus f\u00e4hrt eine Flotte von CargoOne wie ein Zug auf den Wasserstra\u00dfen, wodurch extrem gro\u00dfe Mengen an G\u00fctern v\u00f6llig emissionsfrei transportiert werden k\u00f6nnen.<\/p>\n\n\n\n<p class=\"gb-headline gb-headline-daaad767 gb-headline-text\">Mit CargoOne kommt das Digital Port Protocol (DPP) von Unleash Future Boats zum Einsatz. Gemeinsam mit unseren Partnern kommunizieren autonome Boote mit dem vollst\u00e4ndig digitalen Hafen der Zukunft. Sichere Kommunikation zwischen Booten (Vessle-to-Vessle, kurz V2V), aber auch zwischen der Infrastruktur an Land und auf dem Wasser (Vessle-to-Infrastructure, oder V2X). Viele Abk\u00fcrzungen, die bereits vom autonomen Fahren auf der Stra\u00dfe bekannt sind, werden nun auch im maritimen Bereich eingef\u00fchrt.<\/p>\n\n\n\n<p><\/p>\n\n<\/div><\/div><\/div>\n\n<div class=\"gb-grid-column gb-grid-column-ab2bf253\"><div class=\"gb-container gb-container-ab2bf253\"><div class=\"gb-inside-container\">\n\n<figure class=\"wp-block-image size-full\"><img decoding=\"async\" width=\"545\" height=\"341\" src=\"https:\/\/unleash-future-boats.com\/wp-content\/uploads\/teaser-cargo-one.jpg\" alt=\"\" class=\"wp-image-370\" srcset=\"https:\/\/unleash-future-boats.com\/wp-content\/uploads\/teaser-cargo-one.jpg 545w, https:\/\/unleash-future-boats.com\/wp-content\/uploads\/teaser-cargo-one-300x188.jpg 300w\" sizes=\"(max-width: 545px) 100vw, 545px\" \/><\/figure>\n\n<\/div><\/div><\/div>\n<\/div>\n<\/div><\/div><div class=\"gb-container gb-container-024421d2\"><div class=\"gb-inside-container\">\n\n<h2 class=\"gb-headline gb-headline-a1c82f0a gb-headline-text\">CA<mark style=\"background-color:rgba(0, 0, 0, 0)\" class=\"has-inline-color has-ufb-blue-color\">R<\/mark>GO ONE<\/h2>\n\n\n\n<figure class=\"wp-block-embed is-type-video is-provider-youtube wp-block-embed-youtube wp-embed-aspect-16-9 wp-has-aspect-ratio\"><div class=\"wp-block-embed__wrapper\">\n<iframe title=\"CargoOne - 2022-07-23\" width=\"1200\" height=\"675\" src=\"https:\/\/www.youtube.com\/embed\/I_Fnl3w33pc?feature=oembed\" frameborder=\"0\" allow=\"accelerometer; autoplay; clipboard-write; encrypted-media; gyroscope; picture-in-picture; web-share\" allowfullscreen><\/iframe>\n<\/div><\/figure>\n\n\n\n<p class=\"gb-headline gb-headline-c17b9b46 gb-headline-text\">CargoOne ist auch als Katamaran konzipiert. Wie bei FutureOne gibt es in jedem Schwimmer einen unabh\u00e4ngigen Antriebsstrang. Das macht das Gesamtsystem redundant und ausfallsicher. Die Ladung wird automatisch gesichert und kann wahlweise per Kran oder Rampe verladen werden. Dies erleichtert das autonome Verladen von Waren und bietet vielf\u00e4ltige Einsatzm\u00f6glichkeiten.<br>Auch CargoOne ist modular aufgebaut, wie man es aus der Automobilindustrie kennt. Die Boote sind komplett digital.<\/p>\n\n\n\n<p class=\"gb-headline gb-headline-ecff162d gb-headline-text\">CargoOne wird ebenfalls in Aluminium produziert, ebenfalls mit dem innovativen Roboterschwei\u00dfverfahren unseres Produktionspartners. Roboter schwei\u00dfen hochpr\u00e4zise und wirtschaftlich, auch in gro\u00dfer St\u00fcckzahl an verschiedenen internationalen Standorten. Wir haben den Spezialisten Ophardt Maritim an unserer Seite.<\/p>\n\n<\/div><\/div>","protected":false},"excerpt":{"rendered":"<p>CARGO ONE CargoOne ist auch als Katamaran konzipiert. Wie bei FutureOne gibt es in jedem Schwimmer einen unabh\u00e4ngigen Antriebsstrang. Das macht das Gesamtsystem redundant und ausfallsicher. Die Ladung wird automatisch gesichert und kann wahlweise per Kran oder Rampe verladen werden. Dies erleichtert das autonome Verladen von Waren und bietet vielf\u00e4ltige Einsatzm\u00f6glichkeiten.Auch CargoOne ist modular aufgebaut, &#8230; <a title=\"Cargo One\" class=\"read-more\" href=\"https:\/\/unleash-future-boats.com\/de\/cargo-one\/\" aria-label=\"Mehr Informationen \u00fcber Cargo One\">Weiterlesen &#8230;<\/a><\/p>\n","protected":false},"author":1,"featured_media":0,"parent":0,"menu_order":0,"comment_status":"closed","ping_status":"closed","template":"","meta":{"inline_featured_image":false,"_monsterinsights_skip_tracking":false,"_monsterinsights_sitenote_active":false,"_monsterinsights_sitenote_note":"","_monsterinsights_sitenote_category":0,"footnotes":""},"class_list":["post-2088","page","type-page","status-publish"],"aioseo_notices":[],"_links":{"self":[{"href":"https:\/\/unleash-future-boats.com\/de\/wp-json\/wp\/v2\/pages\/2088","targetHints":{"allow":["GET"]}}],"collection":[{"href":"https:\/\/unleash-future-boats.com\/de\/wp-json\/wp\/v2\/pages"}],"about":[{"href":"https:\/\/unleash-future-boats.com\/de\/wp-json\/wp\/v2\/types\/page"}],"author":[{"embeddable":true,"href":"https:\/\/unleash-future-boats.com\/de\/wp-json\/wp\/v2\/users\/1"}],"replies":[{"embeddable":true,"href":"https:\/\/unleash-future-boats.com\/de\/wp-json\/wp\/v2\/comments?post=2088"}],"version-history":[{"count":1,"href":"https:\/\/unleash-future-boats.com\/de\/wp-json\/wp\/v2\/pages\/2088\/revisions"}],"predecessor-version":[{"id":2089,"href":"https:\/\/unleash-future-boats.com\/de\/wp-json\/wp\/v2\/pages\/2088\/revisions\/2089"}],"wp:attachment":[{"href":"https:\/\/unleash-future-boats.com\/de\/wp-json\/wp\/v2\/media?parent=2088"}],"curies":[{"name":"wp","href":"https:\/\/api.w.org\/{rel}","templated":true}]}}