{"id":1756,"date":"2022-03-23T07:42:15","date_gmt":"2022-03-23T06:42:15","guid":{"rendered":"https:\/\/unleash-future-boats.com\/team\/"},"modified":"2025-08-23T23:34:13","modified_gmt":"2025-08-23T22:34:13","slug":"team","status":"publish","type":"page","link":"https:\/\/unleash-future-boats.com\/de\/team\/","title":{"rendered":"Management"},"content":{"rendered":"<div class=\"gb-container gb-container-853f5db6\"><div class=\"gb-inside-container\">\n<div class=\"gb-grid-wrapper gb-grid-wrapper-bedc3639\">\n<div class=\"gb-grid-column gb-grid-column-9ae0c3b4\"><div class=\"gb-container gb-container-9ae0c3b4\"><div class=\"gb-inside-container\">\n\n<p class=\"gb-headline gb-headline-45ac4c83 gb-headline-text\">Das Management Team<\/p>\n\n\n\n<h2 class=\"gb-headline gb-headline-99f59fb4 gb-headline-text\">Unleash <mark class=\"gb-highlight\">Future Boats<\/mark><\/h2>\n\n\n\n<hr class=\"wp-block-separator has-text-color has-ufb-green-color has-css-opacity has-ufb-green-background-color has-background thickier\"\/>\n\n\n\n<p class=\"gb-headline gb-headline-2e43bc66 gb-headline-text\">Diana und Stefanie Engelhard, die beiden K\u00f6pfe hinter Unleash Future Boats, entwickeln autonome und umweltfreundliche Schiffe. Sie haben einen Elektroantrieb mit Brennstoffzellen und gr\u00fcnem Wasserstoff. Das bedeutet, dass sie absolut emissionsfrei sind \u2013 f\u00fcr die Luft, das Wasser und in Bezug auf die L\u00e4rmbelastung. Die individuelle Alltagsmobilit\u00e4t wird von der Stra\u00dfe auf das Wasser verlagert, intermodal und vernetzt. Ein 35-k\u00f6pfiges Team arbeitet an der Mobilit\u00e4t von morgen und w\u00e4chst kontinuierlich.<\/p>\n\n<\/div><\/div><\/div>\n\n<div class=\"gb-grid-column gb-grid-column-ab2bf253\"><div class=\"gb-container gb-container-ab2bf253\"><div class=\"gb-inside-container\">\n\n<figure class=\"wp-block-image size-large\"><img decoding=\"async\" width=\"1024\" height=\"681\" src=\"https:\/\/unleash-future-boats.com\/wp-content\/uploads\/\/202201880-1024x681.jpg\" alt=\"\" class=\"wp-image-283\" srcset=\"https:\/\/unleash-future-boats.com\/wp-content\/uploads\/202201880-1024x681.jpg 1024w, https:\/\/unleash-future-boats.com\/wp-content\/uploads\/202201880-300x200.jpg 300w, https:\/\/unleash-future-boats.com\/wp-content\/uploads\/202201880-768x511.jpg 768w, https:\/\/unleash-future-boats.com\/wp-content\/uploads\/202201880-1536x1022.jpg 1536w, https:\/\/unleash-future-boats.com\/wp-content\/uploads\/202201880-2048x1362.jpg 2048w\" sizes=\"(max-width: 1024px) 100vw, 1024px\" \/><\/figure>\n\n<\/div><\/div><\/div>\n<\/div>\n<\/div><\/div>\n\n<div class=\"gb-container gb-container-024421d2\"><div class=\"gb-inside-container\">\n\n<h2 class=\"gb-headline gb-headline-a1c82f0a gb-headline-text\">Leitungsteam f\u00fcr die <mark class=\"gb-highlight\">Mobilit\u00e4t der Zukunft<\/mark><\/h2>\n\n\n<div class=\"gb-grid-wrapper gb-grid-wrapper-4e6c7c3d\">\n<div class=\"gb-grid-column gb-grid-column-651b64dd\"><div class=\"gb-container gb-container-651b64dd\"><div class=\"gb-inside-container\">\n\n<figure class=\"wp-block-image size-full\"><img decoding=\"async\" width=\"400\" height=\"267\" src=\"https:\/\/unleash-future-boats.com\/wp-content\/uploads\/hOkOnom__400x400-edited.jpg\" alt=\"\" class=\"wp-image-2521\" srcset=\"https:\/\/unleash-future-boats.com\/wp-content\/uploads\/hOkOnom__400x400-edited.jpg 400w, https:\/\/unleash-future-boats.com\/wp-content\/uploads\/hOkOnom__400x400-edited-300x200.jpg 300w\" sizes=\"(max-width: 400px) 100vw, 400px\" \/><\/figure>\n\n\n\n<p class=\"gb-headline gb-headline-f734b790 gb-headline-text\"><strong>CEO &amp; Mitgr\u00fcnderin<\/strong><br>MBA B. Eng.<\/p>\n\n\n\n<p class=\"gb-headline gb-headline-8438d3ab gb-headline-text\"><strong>Diana S. <mark class=\"gb-highlight\">Engelhard<\/mark><\/strong><\/p>\n\n\n\n<p class=\"gb-headline gb-headline-570af002 gb-headline-text\">CEO &amp; Founder Unleash Future Boats.<br>EU Architektin. Sicherheit and Tech Souver\u00e4nit\u00e4t<\/p>\n\n\n<div class=\"gb-button-wrapper gb-button-wrapper-4b9c076c\">\n\n<a class=\"gb-button gb-button-369a195f\" href=\"https:\/\/www.linkedin.com\/in\/dianaengelhard\/\" target=\"_blank\" rel=\"noopener noreferrer\"><span class=\"gb-icon\"><svg xmlns=\"http:\/\/www.w3.org\/2000\/svg\" viewBox=\"0 0 448 512\"><path d=\"M416 32H31.9C14.3 32 0 46.5 0 64.3v383.4C0 465.5 14.3 480 31.9 480H416c17.6 0 32-14.5 32-32.3V64.3c0-17.8-14.4-32.3-32-32.3zM135.4 416H69V202.2h66.5V416zm-33.2-243c-21.3 0-38.5-17.3-38.5-38.5S80.9 96 102.2 96c21.2 0 38.5 17.3 38.5 38.5 0 21.3-17.2 38.5-38.5 38.5zm282.1 243h-66.4V312c0-24.8-.5-56.7-34.5-56.7-34.6 0-39.9 27-39.9 54.9V416h-66.4V202.2h63.7v29.2h.9c8.9-16.8 30.6-34.5 62.9-34.5 67.2 0 79.7 44.3 79.7 101.9V416z\"><\/path><\/svg><\/span><\/a>\n\n<\/div>\n<\/div><\/div><\/div>\n\n<div class=\"gb-grid-column gb-grid-column-22ef5bcb\"><div class=\"gb-container gb-container-22ef5bcb\"><div class=\"gb-inside-container\">\n\n<figure class=\"wp-block-image size-full\"><img decoding=\"async\" width=\"900\" height=\"600\" src=\"https:\/\/unleash-future-boats.com\/wp-content\/uploads\/stefanie-engelhard-team.jpg\" alt=\"\" class=\"wp-image-310\" srcset=\"https:\/\/unleash-future-boats.com\/wp-content\/uploads\/stefanie-engelhard-team.jpg 900w, https:\/\/unleash-future-boats.com\/wp-content\/uploads\/stefanie-engelhard-team-300x200.jpg 300w, https:\/\/unleash-future-boats.com\/wp-content\/uploads\/stefanie-engelhard-team-768x512.jpg 768w\" sizes=\"(max-width: 900px) 100vw, 900px\" \/><\/figure>\n\n\n\n<p class=\"gb-headline gb-headline-a4d85da9 gb-headline-text\"><strong>CTO &amp; Mitgr\u00fcnderin<\/strong> <br>Dipl. Ing. (FH)<\/p>\n\n\n\n<p class=\"gb-headline gb-headline-eb3b654b gb-headline-text\"><strong>Stefanie A. <mark class=\"gb-highlight\">Engelhard<\/mark><\/strong><\/p>\n\n\n\n<p class=\"gb-headline gb-headline-712a9b8d gb-headline-text\">Innovatorin und erfolgreiche Einf\u00fchrung von Car2Car und autonomem Fahren bei Audi<\/p>\n\n\n<div class=\"gb-button-wrapper gb-button-wrapper-b743da26\">\n\n<a class=\"gb-button gb-button-1aa16f93\" href=\"https:\/\/www.linkedin.com\/in\/stefanie-a-engelhard\/\" target=\"_blank\" rel=\"noopener noreferrer\"><span class=\"gb-icon\"><svg xmlns=\"http:\/\/www.w3.org\/2000\/svg\" viewBox=\"0 0 448 512\"><path d=\"M416 32H31.9C14.3 32 0 46.5 0 64.3v383.4C0 465.5 14.3 480 31.9 480H416c17.6 0 32-14.5 32-32.3V64.3c0-17.8-14.4-32.3-32-32.3zM135.4 416H69V202.2h66.5V416zm-33.2-243c-21.3 0-38.5-17.3-38.5-38.5S80.9 96 102.2 96c21.2 0 38.5 17.3 38.5 38.5 0 21.3-17.2 38.5-38.5 38.5zm282.1 243h-66.4V312c0-24.8-.5-56.7-34.5-56.7-34.6 0-39.9 27-39.9 54.9V416h-66.4V202.2h63.7v29.2h.9c8.9-16.8 30.6-34.5 62.9-34.5 67.2 0 79.7 44.3 79.7 101.9V416z\"><\/path><\/svg><\/span><\/a>\n\n<\/div>\n<\/div><\/div><\/div>\n\n<div class=\"gb-grid-column gb-grid-column-cc5dac1e\"><div class=\"gb-container gb-container-cc5dac1e\"><div class=\"gb-inside-container\">\n\n<figure class=\"wp-block-image size-full\"><img decoding=\"async\" width=\"900\" height=\"600\" src=\"https:\/\/unleash-future-boats.com\/wp-content\/uploads\/team-michael-wuestefeld.jpg\" alt=\"\" class=\"wp-image-351\" srcset=\"https:\/\/unleash-future-boats.com\/wp-content\/uploads\/team-michael-wuestefeld.jpg 900w, https:\/\/unleash-future-boats.com\/wp-content\/uploads\/team-michael-wuestefeld-300x200.jpg 300w, https:\/\/unleash-future-boats.com\/wp-content\/uploads\/team-michael-wuestefeld-768x512.jpg 768w\" sizes=\"(max-width: 900px) 100vw, 900px\" \/><\/figure>\n\n\n\n<p class=\"gb-headline gb-headline-6d096941 gb-headline-text\"><strong>CFO<\/strong> <br>Dipl. -Kfm.<\/p>\n\n\n\n<p class=\"gb-headline gb-headline-f07fe76c gb-headline-text\"><strong>Michael <mark class=\"gb-highlight\">W\u00fcstefeld<\/mark><\/strong><\/p>\n\n\n\n<p class=\"gb-headline gb-headline-47a4f5a5 gb-headline-text\">Transformiert Anforderungen und Ziele von Investoren in Aktionen und Operationen <\/p>\n\n\n<div class=\"gb-button-wrapper gb-button-wrapper-7662c379\">\n\n<a class=\"gb-button gb-button-42104d22\" href=\"https:\/\/www.linkedin.com\/in\/michael-w%C3%BCstefeld\/\" target=\"_blank\" rel=\"noopener noreferrer\"><span class=\"gb-icon\"><svg xmlns=\"http:\/\/www.w3.org\/2000\/svg\" viewBox=\"0 0 448 512\"><path d=\"M416 32H31.9C14.3 32 0 46.5 0 64.3v383.4C0 465.5 14.3 480 31.9 480H416c17.6 0 32-14.5 32-32.3V64.3c0-17.8-14.4-32.3-32-32.3zM135.4 416H69V202.2h66.5V416zm-33.2-243c-21.3 0-38.5-17.3-38.5-38.5S80.9 96 102.2 96c21.2 0 38.5 17.3 38.5 38.5 0 21.3-17.2 38.5-38.5 38.5zm282.1 243h-66.4V312c0-24.8-.5-56.7-34.5-56.7-34.6 0-39.9 27-39.9 54.9V416h-66.4V202.2h63.7v29.2h.9c8.9-16.8 30.6-34.5 62.9-34.5 67.2 0 79.7 44.3 79.7 101.9V416z\"><\/path><\/svg><\/span><\/a>\n\n<\/div>\n<\/div><\/div><\/div>\n\n<div class=\"gb-grid-column gb-grid-column-0e2980d3\"><div class=\"gb-container gb-container-0e2980d3\"><div class=\"gb-inside-container\">\n\n<figure class=\"wp-block-image size-full\"><img decoding=\"async\" width=\"900\" height=\"600\" src=\"https:\/\/unleash-future-boats.com\/wp-content\/uploads\/team-dr-bernd-rech.jpg\" alt=\"\" class=\"wp-image-305\" srcset=\"https:\/\/unleash-future-boats.com\/wp-content\/uploads\/team-dr-bernd-rech.jpg 900w, https:\/\/unleash-future-boats.com\/wp-content\/uploads\/team-dr-bernd-rech-300x200.jpg 300w, https:\/\/unleash-future-boats.com\/wp-content\/uploads\/team-dr-bernd-rech-768x512.jpg 768w\" sizes=\"(max-width: 900px) 100vw, 900px\" \/><\/figure>\n\n\n\n<p class=\"gb-headline gb-headline-a3f9533a gb-headline-text\"><strong>Leiter Test und Validierung<\/strong> <br>Dr. -Ing.<\/p>\n\n\n\n<p class=\"gb-headline gb-headline-a5317417 gb-headline-text\"><strong>Dr. Bernd <mark class=\"gb-highlight\">Rech<\/mark><\/strong><\/p>\n\n\n\n<p class=\"gb-headline gb-headline-3c186563 gb-headline-text\">Hat als Manager in der Forschung und Entwicklung des VW-Konzerns mehrere Technologien erfolgreich eingef\u00fchrt<\/p>\n\n\n<div class=\"gb-button-wrapper gb-button-wrapper-3fc82c39\">\n\n<a class=\"gb-button gb-button-d0ebeab2\" href=\"https:\/\/www.linkedin.com\/in\/dr-bernd-rech-7310491a4\/\" target=\"_blank\" rel=\"noopener noreferrer\"><span class=\"gb-icon\"><svg xmlns=\"http:\/\/www.w3.org\/2000\/svg\" viewBox=\"0 0 448 512\"><path d=\"M416 32H31.9C14.3 32 0 46.5 0 64.3v383.4C0 465.5 14.3 480 31.9 480H416c17.6 0 32-14.5 32-32.3V64.3c0-17.8-14.4-32.3-32-32.3zM135.4 416H69V202.2h66.5V416zm-33.2-243c-21.3 0-38.5-17.3-38.5-38.5S80.9 96 102.2 96c21.2 0 38.5 17.3 38.5 38.5 0 21.3-17.2 38.5-38.5 38.5zm282.1 243h-66.4V312c0-24.8-.5-56.7-34.5-56.7-34.6 0-39.9 27-39.9 54.9V416h-66.4V202.2h63.7v29.2h.9c8.9-16.8 30.6-34.5 62.9-34.5 67.2 0 79.7 44.3 79.7 101.9V416z\"><\/path><\/svg><\/span><\/a>\n\n<\/div>\n<\/div><\/div><\/div>\n\n<div class=\"gb-grid-column gb-grid-column-c5de26a3\"><div class=\"gb-container gb-container-c5de26a3\"><div class=\"gb-inside-container\">\n\n<figure class=\"wp-block-image size-full\"><img decoding=\"async\" width=\"900\" height=\"600\" src=\"https:\/\/unleash-future-boats.com\/wp-content\/uploads\/team-moritz-gutzmann.jpg\" alt=\"\" class=\"wp-image-308\" srcset=\"https:\/\/unleash-future-boats.com\/wp-content\/uploads\/team-moritz-gutzmann.jpg 900w, https:\/\/unleash-future-boats.com\/wp-content\/uploads\/team-moritz-gutzmann-300x200.jpg 300w, https:\/\/unleash-future-boats.com\/wp-content\/uploads\/team-moritz-gutzmann-768x512.jpg 768w\" sizes=\"(max-width: 900px) 100vw, 900px\" \/><\/figure>\n\n\n\n<p class=\"gb-headline gb-headline-f1c7b875 gb-headline-text\"><strong>Leiter Ship Engineering<\/strong> <br>M.Eng.<\/p>\n\n\n\n<p class=\"gb-headline gb-headline-36472616 gb-headline-text\"><strong>Moritz <mark class=\"gb-highlight\">Gutzmann<\/mark><\/strong><\/p>\n\n\n\n<p class=\"gb-headline gb-headline-cc4038f8 gb-headline-text\">Maritimer internationaler Spezialist erfolgreich bei Meyer, L\u00fcrssen und Werften in Neuseeland<\/p>\n\n\n<div class=\"gb-button-wrapper gb-button-wrapper-8680c260\">\n\n<a class=\"gb-button gb-button-6d28343c\" href=\"https:\/\/www.linkedin.com\/in\/moritz-gutzmann-669b12214\/\" target=\"_blank\" rel=\"noopener noreferrer\"><span class=\"gb-icon\"><svg xmlns=\"http:\/\/www.w3.org\/2000\/svg\" viewBox=\"0 0 448 512\"><path d=\"M416 32H31.9C14.3 32 0 46.5 0 64.3v383.4C0 465.5 14.3 480 31.9 480H416c17.6 0 32-14.5 32-32.3V64.3c0-17.8-14.4-32.3-32-32.3zM135.4 416H69V202.2h66.5V416zm-33.2-243c-21.3 0-38.5-17.3-38.5-38.5S80.9 96 102.2 96c21.2 0 38.5 17.3 38.5 38.5 0 21.3-17.2 38.5-38.5 38.5zm282.1 243h-66.4V312c0-24.8-.5-56.7-34.5-56.7-34.6 0-39.9 27-39.9 54.9V416h-66.4V202.2h63.7v29.2h.9c8.9-16.8 30.6-34.5 62.9-34.5 67.2 0 79.7 44.3 79.7 101.9V416z\"><\/path><\/svg><\/span><\/a>\n\n<\/div>\n<\/div><\/div><\/div>\n\n<div class=\"gb-grid-column gb-grid-column-0496059b\"><div class=\"gb-container gb-container-0496059b\"><div class=\"gb-inside-container\">\n\n<figure class=\"wp-block-image size-full\"><img decoding=\"async\" width=\"900\" height=\"599\" src=\"https:\/\/unleash-future-boats.com\/wp-content\/uploads\/team-stefanie-karkheck.jpg\" alt=\"\" class=\"wp-image-311\" srcset=\"https:\/\/unleash-future-boats.com\/wp-content\/uploads\/team-stefanie-karkheck.jpg 900w, https:\/\/unleash-future-boats.com\/wp-content\/uploads\/team-stefanie-karkheck-300x200.jpg 300w, https:\/\/unleash-future-boats.com\/wp-content\/uploads\/team-stefanie-karkheck-768x511.jpg 768w\" sizes=\"(max-width: 900px) 100vw, 900px\" \/><\/figure>\n\n\n\n<p class=\"gb-headline gb-headline-955db722 gb-headline-text\"><strong>Leiterin Communication<\/strong><br><\/p>\n\n\n\n<p class=\"gb-headline gb-headline-0888d177 gb-headline-text\"><strong>Stefanie <mark class=\"gb-highlight\">Karkheck<\/mark><\/strong><\/p>\n\n\n\n<p class=\"gb-headline gb-headline-0e6bf148 gb-headline-text\">Kommunikationsexpertin f\u00fcr \u00d6ffentlichkeitsarbeit, Pressearbeit und internationale Kommunikation<\/p>\n\n\n<div class=\"gb-button-wrapper gb-button-wrapper-e6438650\">\n\n<a class=\"gb-button gb-button-2413dde8\" href=\"https:\/\/www.linkedin.com\/in\/stefanie-karkheck-2a719436\/\" target=\"_blank\" rel=\"noopener noreferrer\"><span class=\"gb-icon\"><svg xmlns=\"http:\/\/www.w3.org\/2000\/svg\" viewBox=\"0 0 448 512\"><path d=\"M416 32H31.9C14.3 32 0 46.5 0 64.3v383.4C0 465.5 14.3 480 31.9 480H416c17.6 0 32-14.5 32-32.3V64.3c0-17.8-14.4-32.3-32-32.3zM135.4 416H69V202.2h66.5V416zm-33.2-243c-21.3 0-38.5-17.3-38.5-38.5S80.9 96 102.2 96c21.2 0 38.5 17.3 38.5 38.5 0 21.3-17.2 38.5-38.5 38.5zm282.1 243h-66.4V312c0-24.8-.5-56.7-34.5-56.7-34.6 0-39.9 27-39.9 54.9V416h-66.4V202.2h63.7v29.2h.9c8.9-16.8 30.6-34.5 62.9-34.5 67.2 0 79.7 44.3 79.7 101.9V416z\"><\/path><\/svg><\/span><\/a>\n\n<\/div>\n<\/div><\/div><\/div>\n\n<div class=\"gb-grid-column gb-grid-column-3c8c17ec\"><div class=\"gb-container gb-container-3c8c17ec\"><div class=\"gb-inside-container\">\n\n<figure class=\"wp-block-image size-full\"><img decoding=\"async\" width=\"900\" height=\"600\" src=\"https:\/\/unleash-future-boats.com\/wp-content\/uploads\/team-jan-pflueger.jpg\" alt=\"\" class=\"wp-image-400\" srcset=\"https:\/\/unleash-future-boats.com\/wp-content\/uploads\/team-jan-pflueger.jpg 900w, https:\/\/unleash-future-boats.com\/wp-content\/uploads\/team-jan-pflueger-300x200.jpg 300w, https:\/\/unleash-future-boats.com\/wp-content\/uploads\/team-jan-pflueger-768x512.jpg 768w\" sizes=\"(max-width: 900px) 100vw, 900px\" \/><\/figure>\n\n\n\n<p class=\"gb-headline gb-headline-8f7945d0 gb-headline-text\"><strong>Leiter Produkt Design &amp; VR<\/strong> <br>Dipl.-Des. (FH)<\/p>\n\n\n\n<p class=\"gb-headline gb-headline-b02fd9d9 gb-headline-text\"><strong>Jan <mark style=\"background-color:rgba(0, 0, 0, 0)\" class=\"has-inline-color has-ufb-blue-color\">Pfl\u00fcger<\/mark><\/strong><\/p>\n\n\n\n<p class=\"gb-headline gb-headline-b935de55 gb-headline-text\">Design und Virtualisierung einschlie\u00dflich digitaler Produktentwicklung<\/p>\n\n\n<div class=\"gb-button-wrapper gb-button-wrapper-15e8863c\">\n\n<a class=\"gb-button gb-button-30b8b4f3\" href=\"https:\/\/www.linkedin.com\/in\/jan-pflueger\/\" target=\"_blank\" rel=\"noopener noreferrer\"><span class=\"gb-icon\"><svg xmlns=\"http:\/\/www.w3.org\/2000\/svg\" viewBox=\"0 0 448 512\"><path d=\"M416 32H31.9C14.3 32 0 46.5 0 64.3v383.4C0 465.5 14.3 480 31.9 480H416c17.6 0 32-14.5 32-32.3V64.3c0-17.8-14.4-32.3-32-32.3zM135.4 416H69V202.2h66.5V416zm-33.2-243c-21.3 0-38.5-17.3-38.5-38.5S80.9 96 102.2 96c21.2 0 38.5 17.3 38.5 38.5 0 21.3-17.2 38.5-38.5 38.5zm282.1 243h-66.4V312c0-24.8-.5-56.7-34.5-56.7-34.6 0-39.9 27-39.9 54.9V416h-66.4V202.2h63.7v29.2h.9c8.9-16.8 30.6-34.5 62.9-34.5 67.2 0 79.7 44.3 79.7 101.9V416z\"><\/path><\/svg><\/span><\/a>\n\n<\/div>\n<\/div><\/div><\/div>\n<\/div>\n<\/div><\/div>\n\n<div class=\"gb-container gb-container-7c81ff7c\"><div class=\"gb-inside-container\">\n<div class=\"gb-button-wrapper gb-button-wrapper-dbb3de32\">\n\n<a class=\"gb-button gb-button-5d223146 gb-button-text\" href=\"https:\/\/unleash-future-boats.com\/de\/kontakt\/\">Mache mit<\/a>\n\n<\/div>\n<\/div><\/div>\n\n\n<p><\/p>\n","protected":false},"excerpt":{"rendered":"<p>Leitungsteam f\u00fcr die Mobilit\u00e4t der Zukunft<\/p>\n","protected":false},"author":1,"featured_media":0,"parent":0,"menu_order":0,"comment_status":"closed","ping_status":"closed","template":"","meta":{"inline_featured_image":false,"_monsterinsights_skip_tracking":false,"_monsterinsights_sitenote_active":false,"_monsterinsights_sitenote_note":"","_monsterinsights_sitenote_category":0,"footnotes":""},"class_list":["post-1756","page","type-page","status-publish"],"aioseo_notices":[],"_links":{"self":[{"href":"https:\/\/unleash-future-boats.com\/de\/wp-json\/wp\/v2\/pages\/1756","targetHints":{"allow":["GET"]}}],"collection":[{"href":"https:\/\/unleash-future-boats.com\/de\/wp-json\/wp\/v2\/pages"}],"about":[{"href":"https:\/\/unleash-future-boats.com\/de\/wp-json\/wp\/v2\/types\/page"}],"author":[{"embeddable":true,"href":"https:\/\/unleash-future-boats.com\/de\/wp-json\/wp\/v2\/users\/1"}],"replies":[{"embeddable":true,"href":"https:\/\/unleash-future-boats.com\/de\/wp-json\/wp\/v2\/comments?post=1756"}],"version-history":[{"count":22,"href":"https:\/\/unleash-future-boats.com\/de\/wp-json\/wp\/v2\/pages\/1756\/revisions"}],"predecessor-version":[{"id":2535,"href":"https:\/\/unleash-future-boats.com\/de\/wp-json\/wp\/v2\/pages\/1756\/revisions\/2535"}],"wp:attachment":[{"href":"https:\/\/unleash-future-boats.com\/de\/wp-json\/wp\/v2\/media?parent=1756"}],"curies":[{"name":"wp","href":"https:\/\/api.w.org\/{rel}","templated":true}]}}