{"id":1752,"date":"2022-03-23T10:52:53","date_gmt":"2022-03-23T09:52:53","guid":{"rendered":"https:\/\/unleash-future-boats.com\/loesungen\/"},"modified":"2023-01-22T21:54:58","modified_gmt":"2023-01-22T20:54:58","slug":"loesungen","status":"publish","type":"page","link":"https:\/\/unleash-future-boats.com\/de\/loesungen\/","title":{"rendered":"L\u00f6sungen"},"content":{"rendered":"<div class=\"gb-container gb-container-853f5db6\"><div class=\"gb-inside-container\">\n<div class=\"gb-grid-wrapper gb-grid-wrapper-bedc3639\">\n<div class=\"gb-grid-column gb-grid-column-9ae0c3b4\"><div class=\"gb-container gb-container-9ae0c3b4\"><div class=\"gb-inside-container\">\n\n<p class=\"gb-headline gb-headline-45ac4c83 gb-headline-text\"><strong>Accelerating future mobility<\/strong><\/p>\n\n\n\n<h2 class=\"gb-headline gb-headline-99f59fb4 gb-headline-text\">Unleash <mark class=\"gb-highlight\">Future Boats<\/mark> L\u00f6sungen<\/h2>\n\n\n\n<p class=\"gb-headline gb-headline-2e43bc66 gb-headline-text\"><strong>FUTU<mark class=\"gb-highlight\">R<\/mark>E ONE<\/strong><br>Elektrische, autonome Boote mit Brennstoffzellen und gr\u00fcnem Wasserstoff. V\u00f6llig emissionsfrei bietet es L\u00f6sungen f\u00fcr eine saubere und nachhaltige Mobilit\u00e4t auf dem Wasser.<\/p>\n\n\n\n<p class=\"gb-headline gb-headline-9d05cfb1 gb-headline-text\"><strong>CA<mark class=\"gb-highlight\">R<\/mark>GO ONE<\/strong><br>Echte emissionsfreie Logistik auf dem Wasser, die das gr\u00fcne Wachstum der zuk\u00fcnftigen Wirtschaft vorantreibt! Elektrischer, autonomer Transport, angetrieben von Brennstoffzellen und gr\u00fcnem Wasserstoff.<\/p>\n\n<\/div><\/div><\/div>\n\n<div class=\"gb-grid-column gb-grid-column-ab2bf253\"><div class=\"gb-container gb-container-ab2bf253\"><div class=\"gb-inside-container\">\n\n<figure class=\"wp-block-image size-large\"><img decoding=\"async\" width=\"1024\" height=\"681\" src=\"https:\/\/unleash-future-boats.com\/wp-content\/uploads\/\/2022011155-1024x681.jpg\" alt=\"\" class=\"wp-image-362\" srcset=\"https:\/\/unleash-future-boats.com\/wp-content\/uploads\/2022011155-1024x681.jpg 1024w, https:\/\/unleash-future-boats.com\/wp-content\/uploads\/2022011155-300x200.jpg 300w, https:\/\/unleash-future-boats.com\/wp-content\/uploads\/2022011155-768x511.jpg 768w, https:\/\/unleash-future-boats.com\/wp-content\/uploads\/2022011155-1536x1022.jpg 1536w, https:\/\/unleash-future-boats.com\/wp-content\/uploads\/2022011155-2048x1362.jpg 2048w\" sizes=\"(max-width: 1024px) 100vw, 1024px\" \/><\/figure>\n\n<\/div><\/div><\/div>\n<\/div>\n<\/div><\/div><div class=\"gb-container gb-container-024421d2\"><div class=\"gb-inside-container\">\n\n<h2 class=\"gb-headline gb-headline-a1c82f0a gb-headline-text\">Unsere <mark class=\"gb-highlight\">L\u00f6sungen<\/mark><\/h2>\n\n<\/div><\/div><div class=\"gb-container gb-container-51b5aefe\"><div class=\"gb-inside-container\">\n<div class=\"gb-grid-wrapper gb-grid-wrapper-7f7ba340\">\n<div class=\"gb-grid-column gb-grid-column-1df71f06\"><div class=\"gb-container gb-container-1df71f06\"><div class=\"gb-inside-container\">\n\n<p class=\"gb-headline gb-headline-a0520d39 gb-headline-text\">Mobilit\u00e4tswende<\/p>\n\n\n\n<h2 class=\"gb-headline gb-headline-a1e8bfa7 gb-headline-text\">FUTU<mark style=\"background-color:rgba(0, 0, 0, 0)\" class=\"has-inline-color has-ufb-blue-color\">R<\/mark>E ONE<\/h2>\n\n\n\n<hr class=\"wp-block-separator has-text-color has-ufb-blue-color has-css-opacity has-ufb-blue-background-color has-background thickier\"\/>\n\n\n\n<p class=\"gb-headline gb-headline-c5a7aefd gb-headline-text\">FUTURE ONE ist unser Beitrag zur Mobilit\u00e4tswende. Der Wassertransport ist ein wichtiger Bestandteil der Infrastruktur sowohl in unseren Ballungsgebieten als auch in l\u00e4ndlichen Gebieten. Autonome Boote, vollelektrisch und mit gr\u00fcnem Wasserstoff betrieben, transportieren bis zu 12 Personen zusammen mit (E-)Fahrr\u00e4dern, Kinderwagen, Rollst\u00fchlen, um den Wandel voranzutreiben!<\/p>\n\n\n<div class=\"gb-button-wrapper gb-button-wrapper-884c4d7c\">\n\n<a class=\"gb-button gb-button-c23a018a gb-button-text\" href=\"https:\/\/unleash-future-boats.com\/de\/future-one\/\">Entdecke FUTURE ONE<\/a>\n\n<\/div>\n<\/div><\/div><\/div>\n\n<div class=\"gb-grid-column gb-grid-column-d0baff69\"><div class=\"gb-container gb-container-d0baff69\"><div class=\"gb-inside-container\">\n\n<figure class=\"wp-block-image size-large\"><a href=\"https:\/\/unleash-future-boats.com\/de\/future-one\/\"><img decoding=\"async\" width=\"1024\" height=\"640\" src=\"https:\/\/unleash-future-boats.com\/wp-content\/uploads\/\/futureone-1024x640.jpg\" alt=\"\" class=\"wp-image-67\" srcset=\"https:\/\/unleash-future-boats.com\/wp-content\/uploads\/futureone-1024x640.jpg 1024w, https:\/\/unleash-future-boats.com\/wp-content\/uploads\/futureone-300x188.jpg 300w, https:\/\/unleash-future-boats.com\/wp-content\/uploads\/futureone-768x480.jpg 768w, https:\/\/unleash-future-boats.com\/wp-content\/uploads\/futureone-1536x960.jpg 1536w, https:\/\/unleash-future-boats.com\/wp-content\/uploads\/futureone.jpg 2048w\" sizes=\"(max-width: 1024px) 100vw, 1024px\" \/><\/a><\/figure>\n\n<\/div><\/div><\/div>\n<\/div>\n<\/div><\/div><div class=\"gb-container gb-container-36d1ad70\"><div class=\"gb-inside-container\">\n<div class=\"gb-grid-wrapper gb-grid-wrapper-d82a279c\">\n<div class=\"gb-grid-column gb-grid-column-ec9795d2\"><div class=\"gb-container gb-container-ec9795d2\"><div class=\"gb-inside-container\">\n\n<figure class=\"wp-block-image size-large\"><a href=\"https:\/\/unleash-future-boats.com\/de\/cargo-one\/\"><img decoding=\"async\" width=\"1024\" height=\"576\" src=\"https:\/\/unleash-future-boats.com\/wp-content\/uploads\/\/CARGO_UB_front_persp_fl-1024x576.jpg\" alt=\"\" class=\"wp-image-104\" srcset=\"https:\/\/unleash-future-boats.com\/wp-content\/uploads\/CARGO_UB_front_persp_fl-1024x576.jpg 1024w, https:\/\/unleash-future-boats.com\/wp-content\/uploads\/CARGO_UB_front_persp_fl-300x169.jpg 300w, https:\/\/unleash-future-boats.com\/wp-content\/uploads\/CARGO_UB_front_persp_fl-768x432.jpg 768w, https:\/\/unleash-future-boats.com\/wp-content\/uploads\/CARGO_UB_front_persp_fl-1536x864.jpg 1536w, https:\/\/unleash-future-boats.com\/wp-content\/uploads\/CARGO_UB_front_persp_fl-2048x1152.jpg 2048w\" sizes=\"(max-width: 1024px) 100vw, 1024px\" \/><\/a><\/figure>\n\n<\/div><\/div><\/div>\n\n<div class=\"gb-grid-column gb-grid-column-e760cd00\"><div class=\"gb-container gb-container-e760cd00\"><div class=\"gb-inside-container\">\n\n<p class=\"gb-headline gb-headline-fc126156 gb-headline-text\">Der weltweit erste LKW auf dem Wasser<\/p>\n\n\n\n<h2 class=\"gb-headline gb-headline-f985805d gb-headline-text\">CA<mark class=\"gb-highlight\">R<\/mark>GO ONE<\/h2>\n\n\n\n<hr class=\"wp-block-separator has-text-color has-ufb-blue-color has-css-opacity has-ufb-blue-background-color has-background thickier\"\/>\n\n\n\n<p class=\"gb-headline gb-headline-e8d12dc8 gb-headline-text\">Der weltweit erste Lkw auf dem Wasser. Vollelektrisch, autonom und mit gr\u00fcnem Wasserstoff wird die Logistik auf dem Wasser emissionsfrei und wirtschaftlich attraktiv. Dank digitaler Kommunikation zwischen Booten und H\u00e4fen schlie\u00dft sich endlich die digitale L\u00fccke in der Transportkette.<\/p>\n\n\n<div class=\"gb-button-wrapper gb-button-wrapper-0553ee8a\">\n\n<a class=\"gb-button gb-button-342da05f gb-button-text\" href=\"https:\/\/unleash-future-boats.com\/de\/cargo-one\/\">Entdecke CARGO ONE<\/a>\n\n<\/div>\n<\/div><\/div><\/div>\n<\/div>\n<\/div><\/div><div class=\"gb-container gb-container-8ba57860\"><div class=\"gb-inside-container\">\n<div class=\"gb-grid-wrapper gb-grid-wrapper-3a02ce71\">\n<div class=\"gb-grid-column gb-grid-column-27b117a4\"><div class=\"gb-container gb-container-27b117a4\"><div class=\"gb-inside-container\">\n\n<p class=\"gb-headline gb-headline-bf8775ea gb-headline-text\">Komplette Nachr\u00fcstl\u00f6sungen<\/p>\n\n\n\n<h2 class=\"gb-headline gb-headline-f58df755 gb-headline-text\">GREEN BOATS ENGINEE<mark class=\"gb-highlight\">R<\/mark>ING<\/h2>\n\n\n\n<hr class=\"wp-block-separator has-text-color has-ufb-blue-color has-css-opacity has-ufb-blue-background-color has-background thickier\"\/>\n\n\n\n<p class=\"gb-headline gb-headline-b2be564d gb-headline-text\">Komplette Nachr\u00fcstl\u00f6sungen als Produktpaket aus einer Hand. Vom Antriebspropeller \u00fcber den Elektromotor bis hin zur Batterieeinheit mit Steckdose oder dem Tank f\u00fcr gr\u00fcnen Wasserstoff: Internationale Werften k\u00f6nnen bei Unleash Future Boats bereits f\u00fcr 2024 vorbestellen.<\/p>\n\n\n<div class=\"gb-button-wrapper gb-button-wrapper-9185e27e\">\n\n<a class=\"gb-button gb-button-3f29f4a8 gb-button-text\" href=\"https:\/\/unleash-future-boats.com\/green-boats-engineering\/\">Mehr erfahren<\/a>\n\n<\/div>\n<\/div><\/div><\/div>\n\n<div class=\"gb-grid-column gb-grid-column-c63b8460\"><div class=\"gb-container gb-container-c63b8460\"><div class=\"gb-inside-container\">\n\n<figure class=\"wp-block-image size-large\"><img decoding=\"async\" width=\"1024\" height=\"681\" src=\"https:\/\/unleash-future-boats.com\/wp-content\/uploads\/\/UFB_components_open_v1_homepage-1024x681.jpg\" alt=\"\" class=\"wp-image-714\" srcset=\"https:\/\/unleash-future-boats.com\/wp-content\/uploads\/UFB_components_open_v1_homepage-1024x681.jpg 1024w, https:\/\/unleash-future-boats.com\/wp-content\/uploads\/UFB_components_open_v1_homepage-300x200.jpg 300w, https:\/\/unleash-future-boats.com\/wp-content\/uploads\/UFB_components_open_v1_homepage-768x511.jpg 768w, https:\/\/unleash-future-boats.com\/wp-content\/uploads\/UFB_components_open_v1_homepage-1536x1022.jpg 1536w, https:\/\/unleash-future-boats.com\/wp-content\/uploads\/UFB_components_open_v1_homepage-2048x1362.jpg 2048w\" sizes=\"(max-width: 1024px) 100vw, 1024px\" \/><\/figure>\n\n<\/div><\/div><\/div>\n<\/div>\n<\/div><\/div><div class=\"gb-container gb-container-7347a485\"><div class=\"gb-inside-container\">\n<div class=\"gb-grid-wrapper gb-grid-wrapper-4dcbf19b\">\n<div class=\"gb-grid-column gb-grid-column-86e2508b\"><div class=\"gb-container gb-container-86e2508b\"><div class=\"gb-inside-container\">\n\n<figure class=\"wp-block-image size-large\"><a href=\"https:\/\/unleash-future-boats.com\/innovative-sensor-technology\/\"><img decoding=\"async\" width=\"1024\" height=\"681\" src=\"https:\/\/unleash-future-boats.com\/wp-content\/uploads\/\/2022011153-1024x681.jpg\" alt=\"\" class=\"wp-image-537\" srcset=\"https:\/\/unleash-future-boats.com\/wp-content\/uploads\/2022011153-1024x681.jpg 1024w, https:\/\/unleash-future-boats.com\/wp-content\/uploads\/2022011153-300x200.jpg 300w, https:\/\/unleash-future-boats.com\/wp-content\/uploads\/2022011153-768x511.jpg 768w, https:\/\/unleash-future-boats.com\/wp-content\/uploads\/2022011153-1536x1022.jpg 1536w, https:\/\/unleash-future-boats.com\/wp-content\/uploads\/2022011153-2048x1362.jpg 2048w\" sizes=\"(max-width: 1024px) 100vw, 1024px\" \/><\/a><\/figure>\n\n<\/div><\/div><\/div>\n\n<div class=\"gb-grid-column gb-grid-column-51b8d66f\"><div class=\"gb-container gb-container-51b8d66f\"><div class=\"gb-inside-container\">\n\n<p class=\"gb-headline gb-headline-7e028be3 gb-headline-text\">Autonome Systeme<\/p>\n\n\n\n<h2 class=\"gb-headline gb-headline-9a6ba51b gb-headline-text\">INNOVATIVE SENSO<mark class=\"gb-highlight\">R<\/mark> TECHNOLOGY<\/h2>\n\n\n\n<hr class=\"wp-block-separator has-text-color has-ufb-blue-color has-css-opacity has-ufb-blue-background-color has-background thickier\"\/>\n\n\n\n<p class=\"gb-headline gb-headline-87e9964b gb-headline-text\">Autonome Systeme bilden das Tor zu einer neuen Welt, in der der intermodale Verkehr Teil unseres Alltags ist. Innovative Sensoren liefern den Schl\u00fcssel zu diesem Tor. Unleash Future Boats ist einer der f\u00fchrenden Innovatoren im Bereich Sensortechnologie und Sensorfusion.<\/p>\n\n\n<div class=\"gb-button-wrapper gb-button-wrapper-9b684b69\">\n\n<a class=\"gb-button gb-button-914747b7 gb-button-text\" href=\"https:\/\/unleash-future-boats.com\/innovative-sensor-technology\/\">Mehr erfahren<\/a>\n\n<\/div>\n<\/div><\/div><\/div>\n<\/div>\n<\/div><\/div><div class=\"gb-container gb-container-08c8fded\"><div class=\"gb-inside-container\">\n<div class=\"gb-grid-wrapper gb-grid-wrapper-73dd865c\">\n<div class=\"gb-grid-column gb-grid-column-5c4a53ee\"><div class=\"gb-container gb-container-5c4a53ee\"><div class=\"gb-inside-container\">\n\n<p class=\"gb-headline gb-headline-7bd66ab3 gb-headline-text\">Integriert in jeden Alltag<\/p>\n\n\n\n<h2 class=\"gb-headline gb-headline-47717b7d gb-headline-text\">DIGITAL CONNECTED SE<mark class=\"gb-highlight\">R<\/mark>VICES<\/h2>\n\n\n\n<hr class=\"wp-block-separator has-text-color has-ufb-blue-color has-css-opacity has-ufb-blue-background-color has-background thickier\"\/>\n\n\n\n<p class=\"gb-headline gb-headline-20c369bc gb-headline-text\">Digital vernetzte Dienste integrieren sich nahtlos in unseren Alltag und erm\u00f6glichen v\u00f6llig neue M\u00f6glichkeiten. Unleash Future Boats erweitert seine innovativen Produkte um n\u00fctzliche digitale Dienste, die sowohl Privatanwendern (OwnerCare) als auch Flottenmanagern (FleetManager) weltweit einen erheblichen Mehrwert bieten.<\/p>\n\n\n<div class=\"gb-button-wrapper gb-button-wrapper-23b4341d\">\n\n<a class=\"gb-button gb-button-b066a9f3 gb-button-text\" href=\"https:\/\/unleash-future-boats.com\/digital-connected-services\/\">Mehr erfahren<\/a>\n\n<\/div>\n<\/div><\/div><\/div>\n\n<div class=\"gb-grid-column gb-grid-column-7ccf7fa2\"><div class=\"gb-container gb-container-7ccf7fa2\"><div class=\"gb-inside-container\">\n\n<figure class=\"wp-block-image size-large\"><a href=\"https:\/\/unleash-future-boats.com\/digital-connected-services\/\"><img decoding=\"async\" width=\"1024\" height=\"681\" src=\"https:\/\/unleash-future-boats.com\/wp-content\/uploads\/\/digital-services-ufb-1024x681.jpg\" alt=\"\" class=\"wp-image-589\" srcset=\"https:\/\/unleash-future-boats.com\/wp-content\/uploads\/digital-services-ufb-1024x681.jpg 1024w, https:\/\/unleash-future-boats.com\/wp-content\/uploads\/digital-services-ufb-300x200.jpg 300w, https:\/\/unleash-future-boats.com\/wp-content\/uploads\/digital-services-ufb-768x511.jpg 768w, https:\/\/unleash-future-boats.com\/wp-content\/uploads\/digital-services-ufb-1536x1022.jpg 1536w, https:\/\/unleash-future-boats.com\/wp-content\/uploads\/digital-services-ufb-2048x1362.jpg 2048w\" sizes=\"(max-width: 1024px) 100vw, 1024px\" \/><\/a><\/figure>\n\n<\/div><\/div><\/div>\n<\/div>\n<\/div><\/div>","protected":false},"excerpt":{"rendered":"<p>Unsere L\u00f6sungen<\/p>\n","protected":false},"author":1,"featured_media":0,"parent":0,"menu_order":0,"comment_status":"closed","ping_status":"closed","template":"","meta":{"inline_featured_image":false,"_monsterinsights_skip_tracking":false,"_monsterinsights_sitenote_active":false,"_monsterinsights_sitenote_note":"","_monsterinsights_sitenote_category":0,"footnotes":""},"class_list":["post-1752","page","type-page","status-publish"],"aioseo_notices":[],"_links":{"self":[{"href":"https:\/\/unleash-future-boats.com\/de\/wp-json\/wp\/v2\/pages\/1752","targetHints":{"allow":["GET"]}}],"collection":[{"href":"https:\/\/unleash-future-boats.com\/de\/wp-json\/wp\/v2\/pages"}],"about":[{"href":"https:\/\/unleash-future-boats.com\/de\/wp-json\/wp\/v2\/types\/page"}],"author":[{"embeddable":true,"href":"https:\/\/unleash-future-boats.com\/de\/wp-json\/wp\/v2\/users\/1"}],"replies":[{"embeddable":true,"href":"https:\/\/unleash-future-boats.com\/de\/wp-json\/wp\/v2\/comments?post=1752"}],"version-history":[{"count":3,"href":"https:\/\/unleash-future-boats.com\/de\/wp-json\/wp\/v2\/pages\/1752\/revisions"}],"predecessor-version":[{"id":1755,"href":"https:\/\/unleash-future-boats.com\/de\/wp-json\/wp\/v2\/pages\/1752\/revisions\/1755"}],"wp:attachment":[{"href":"https:\/\/unleash-future-boats.com\/de\/wp-json\/wp\/v2\/media?parent=1752"}],"curies":[{"name":"wp","href":"https:\/\/api.w.org\/{rel}","templated":true}]}}